{"id":3715,"date":"2023-07-31T10:55:01","date_gmt":"2023-07-31T10:55:01","guid":{"rendered":"http:\/\/refahcocuk.org\/?page_id=3715"},"modified":"2024-11-08T11:16:17","modified_gmt":"2024-11-08T11:16:17","slug":"press-and-release","status":"publish","type":"page","link":"https:\/\/refahcocuk.org\/fr\/press-and-release\/","title":{"rendered":"Communiqu\u00e9s de presse"},"content":{"rendered":"<div data-elementor-type=\"wp-page\" data-elementor-id=\"3715\" class=\"elementor elementor-3715\" data-elementor-post-type=\"page\">\n\t\t\t\t<div class=\"elementor-element elementor-element-eeeadd8 e-flex e-con-boxed e-con e-parent\" data-id=\"eeeadd8\" data-element_type=\"container\" data-e-type=\"container\" data-settings=\"{&quot;background_background&quot;:&quot;classic&quot;,&quot;ekit_has_onepagescroll_dot&quot;:&quot;yes&quot;}\">\n\t\t\t\t\t<div class=\"e-con-inner\">\n\t\t<div class=\"elementor-element elementor-element-d53db0c e-flex e-con-boxed e-con e-child\" data-id=\"d53db0c\" data-element_type=\"container\" data-e-type=\"container\" data-settings=\"{&quot;ekit_has_onepagescroll_dot&quot;:&quot;yes&quot;}\">\n\t\t\t\t\t<div class=\"e-con-inner\">\n\t\t\t\t<div class=\"elementor-element elementor-element-2d9b3e2 elementor-widget elementor-widget-heading\" data-id=\"2d9b3e2\" data-element_type=\"widget\" data-e-type=\"widget\" data-settings=\"{&quot;ekit_we_effect_on&quot;:&quot;none&quot;}\" data-widget_type=\"heading.default\">\n\t\t\t\t<div class=\"elementor-widget-container\">\n\t\t\t\t\t<h1 class=\"elementor-heading-title elementor-size-default\">Refah Press &amp; Release\n<\/h1>\t\t\t\t<\/div>\n\t\t\t\t<\/div>\n\t\t<div class=\"elementor-element elementor-element-d8004c4 e-flex e-con-boxed e-con e-child\" data-id=\"d8004c4\" data-element_type=\"container\" data-e-type=\"container\" data-settings=\"{&quot;ekit_has_onepagescroll_dot&quot;:&quot;yes&quot;}\">\n\t\t\t\t\t<div class=\"e-con-inner\">\n\t\t\t\t<div class=\"elementor-element elementor-element-94ff14c elementor-widget elementor-widget-text-editor\" data-id=\"94ff14c\" data-element_type=\"widget\" data-e-type=\"widget\" data-settings=\"{&quot;ekit_we_effect_on&quot;:&quot;none&quot;}\" data-widget_type=\"text-editor.default\">\n\t\t\t\t<div class=\"elementor-widget-container\">\n\t\t\t\t\t\t\t\t\t<p>Notre blog est une plateforme visant \u00e0 sensibiliser sur les droits des enfants, \u00e0 promouvoir leur bien-\u00eatre et \u00e0 pr\u00e9senter des moyens d'am\u00e9liorer leur vie.<\/p>\t\t\t\t\t\t\t\t<\/div>\n\t\t\t\t<\/div>\n\t\t\t\t\t<\/div>\n\t\t\t\t<\/div>\n\t\t\t\t\t<\/div>\n\t\t\t\t<\/div>\n\t\t\t\t\t<\/div>\n\t\t\t\t<\/div>\n\t\t<div class=\"elementor-element elementor-element-0709db5 e-flex e-con-boxed e-con e-parent\" data-id=\"0709db5\" data-element_type=\"container\" data-e-type=\"container\" data-settings=\"{&quot;background_background&quot;:&quot;classic&quot;,&quot;ekit_has_onepagescroll_dot&quot;:&quot;yes&quot;}\">\n\t\t\t\t\t<div class=\"e-con-inner\">\n\t\t<div class=\"elementor-element elementor-element-83ed893 e-con-full e-flex e-con e-child\" data-id=\"83ed893\" data-element_type=\"container\" data-e-type=\"container\" data-settings=\"{&quot;ekit_has_onepagescroll_dot&quot;:&quot;yes&quot;}\">\n\t\t\t\t<div class=\"elementor-element elementor-element-46bf185 elementor-grid-3 elementor-grid-tablet-2 elementor-grid-mobile-1 elementor-posts--thumbnail-top elementor-card-shadow-yes elementor-posts__hover-gradient elementor-widget elementor-widget-posts\" data-id=\"46bf185\" data-element_type=\"widget\" data-e-type=\"widget\" data-settings=\"{&quot;cards_columns&quot;:&quot;3&quot;,&quot;cards_columns_tablet&quot;:&quot;2&quot;,&quot;cards_columns_mobile&quot;:&quot;1&quot;,&quot;cards_row_gap&quot;:{&quot;unit&quot;:&quot;px&quot;,&quot;size&quot;:35,&quot;sizes&quot;:[]},&quot;cards_row_gap_tablet&quot;:{&quot;unit&quot;:&quot;px&quot;,&quot;size&quot;:&quot;&quot;,&quot;sizes&quot;:[]},&quot;cards_row_gap_mobile&quot;:{&quot;unit&quot;:&quot;px&quot;,&quot;size&quot;:&quot;&quot;,&quot;sizes&quot;:[]},&quot;ekit_we_effect_on&quot;:&quot;none&quot;}\" data-widget_type=\"posts.cards\">\n\t\t\t\t<div class=\"elementor-widget-container\">\n\t\t\t\t\t\t\t<div class=\"elementor-posts-container elementor-posts elementor-posts--skin-cards elementor-grid\" role=\"list\">\n\t\t\t\t<article class=\"elementor-post elementor-grid-item post-3293 post type-post status-publish format-standard has-post-thumbnail hentry category-blogs category-press-and-release\" role=\"listitem\">\n\t\t\t<div class=\"elementor-post__card\">\n\t\t\t\t<a class=\"elementor-post__thumbnail__link\" href=\"https:\/\/refahcocuk.org\/fr\/qurbani-how-to-give-back-with-refah-cocuk\/\" tabindex=\"-1\" ><div class=\"elementor-post__thumbnail\"><img fetchpriority=\"high\" decoding=\"async\" width=\"1800\" height=\"1200\" src=\"https:\/\/refahcocuk.org\/oodoweew\/2023\/06\/Donate-for-Qurbani_Udhiyah-Adha-eid-04.jpg\" class=\"attachment-full size-full wp-image-3433\" alt=\"Qurbani: How to Give Back and Make an Impact\" srcset=\"https:\/\/refahcocuk.org\/oodoweew\/2023\/06\/Donate-for-Qurbani_Udhiyah-Adha-eid-04.jpg 1800w, https:\/\/refahcocuk.org\/oodoweew\/2023\/06\/Donate-for-Qurbani_Udhiyah-Adha-eid-04-600x400.jpg 600w, https:\/\/refahcocuk.org\/oodoweew\/2023\/06\/Donate-for-Qurbani_Udhiyah-Adha-eid-04-300x200.jpg 300w, https:\/\/refahcocuk.org\/oodoweew\/2023\/06\/Donate-for-Qurbani_Udhiyah-Adha-eid-04-1024x683.jpg 1024w, https:\/\/refahcocuk.org\/oodoweew\/2023\/06\/Donate-for-Qurbani_Udhiyah-Adha-eid-04-768x512.jpg 768w, https:\/\/refahcocuk.org\/oodoweew\/2023\/06\/Donate-for-Qurbani_Udhiyah-Adha-eid-04-1536x1024.jpg 1536w\" sizes=\"(max-width: 1800px) 100vw, 1800px\" \/><\/div><\/a>\n\t\t\t\t<div class=\"elementor-post__badge\">Blogs<\/div>\n\t\t\t\t<div class=\"elementor-post__text\">\n\t\t\t\t<h3 class=\"elementor-post__title\">\n\t\t\t<a href=\"https:\/\/refahcocuk.org\/fr\/qurbani-how-to-give-back-with-refah-cocuk\/\" >\n\t\t\t\tQurbani: Comment redonner avec Refah \u00c7ocuk\t\t\t<\/a>\n\t\t<\/h3>\n\t\t\t\t<div class=\"elementor-post__excerpt\">\n\t\t\t<p>Qurbani : Donnez et faites une diff\u00e9rence avec Refah \u00c7ocuk<\/p>\n\t\t<\/div>\n\t\t\n\t\t<a class=\"elementor-post__read-more\" href=\"https:\/\/refahcocuk.org\/fr\/qurbani-how-to-give-back-with-refah-cocuk\/\" aria-label=\"Read more about Qurbani how to give back with refah cocuk\" tabindex=\"-1\" >\n\t\t\tLire la suite \u00bb\t\t<\/a>\n\n\t\t\t\t<\/div>\n\t\t\t\t<div class=\"elementor-post__meta-data\">\n\t\t\t\t\t<span class=\"elementor-post-date\">\n\t\t\tjuin 25, 2023\t\t<\/span>\n\t\t\t\t<\/div>\n\t\t\t\t\t<\/div>\n\t\t<\/article>\n\t\t\t\t<\/div>\n\t\t\n\t\t\t\t\t\t<\/div>\n\t\t\t\t<\/div>\n\t\t\t\t<\/div>\n\t\t\t\t\t<\/div>\n\t\t\t\t<\/div>\n\t\t\t\t<\/div>","protected":false},"excerpt":{"rendered":"<p>Refah Press &amp; Release Our blog is a platform to raise awareness about the rights of children, promote their well-being and showcase ways to help improve their lives.<\/p>","protected":false},"author":3,"featured_media":0,"parent":0,"menu_order":0,"comment_status":"closed","ping_status":"closed","template":"","meta":{"_acf_changed":false,"footnotes":""},"class_list":["post-3715","page","type-page","status-publish","hentry"],"blocksy_meta":[],"acf":[],"yoast_head":"\n<title>Refah Resources<\/title>\n<meta name=\"description\" content=\"Refah Resource Center: Dive into a comprehensive collection of resources provided by Refah Cocuk NGO. Explore our news, reports and blogs.\" \/>\n<meta name=\"robots\" content=\"index, follow, max-snippet:-1, max-image-preview:large, max-video-preview:-1\" \/>\n<link rel=\"canonical\" href=\"https:\/\/refahcocuk.org\/fr\/press-and-release\/\" \/>\n<meta property=\"og:locale\" content=\"fr_FR\" \/>\n<meta property=\"og:type\" content=\"article\" \/>\n<meta property=\"og:title\" content=\"Press and Release\" \/>\n<meta property=\"og:description\" content=\"Refah Resource Center: Dive into a comprehensive collection of resources provided by Refah Cocuk NGO. Explore our news, reports and blogs.\" \/>\n<meta property=\"og:url\" content=\"https:\/\/refahcocuk.org\/fr\/press-and-release\/\" \/>\n<meta property=\"og:site_name\" content=\"Refah \u00c7ocuk Dernegi\" \/>\n<meta property=\"article:publisher\" content=\"https:\/\/www.facebook.com\/profile.php?id=100090251257453&amp;mibextid=LQQJ4d\" \/>\n<meta property=\"article:modified_time\" content=\"2024-11-08T11:16:17+00:00\" \/>\n<meta property=\"og:image\" content=\"https:\/\/refahcocuk.org\/oodoweew\/2023\/05\/DSC02130-scaled.jpg\" \/>\n\t<meta property=\"og:image:width\" content=\"2560\" \/>\n\t<meta property=\"og:image:height\" content=\"1441\" \/>\n\t<meta property=\"og:image:type\" content=\"image\/jpeg\" \/>\n<meta name=\"twitter:card\" content=\"summary_large_image\" \/>\n<meta name=\"twitter:label1\" content=\"Dur\u00e9e de lecture estim\u00e9e\" \/>\n\t<meta name=\"twitter:data1\" content=\"1 minute\" \/>\n<script type=\"application\/ld+json\" class=\"yoast-schema-graph\">{\"@context\":\"https:\\\/\\\/schema.org\",\"@graph\":[{\"@type\":\"WebPage\",\"@id\":\"https:\\\/\\\/refahcocuk.org\\\/press-and-release\\\/\",\"url\":\"https:\\\/\\\/refahcocuk.org\\\/press-and-release\\\/\",\"name\":\"Refah Resources\",\"isPartOf\":{\"@id\":\"https:\\\/\\\/refahcocuk.org\\\/#website\"},\"datePublished\":\"2023-07-31T10:55:01+00:00\",\"dateModified\":\"2024-11-08T11:16:17+00:00\",\"description\":\"Refah Resource Center: Dive into a comprehensive collection of resources provided by Refah Cocuk NGO. Explore our news, reports and blogs.\",\"breadcrumb\":{\"@id\":\"https:\\\/\\\/refahcocuk.org\\\/press-and-release\\\/#breadcrumb\"},\"inLanguage\":\"fr-FR\",\"potentialAction\":[{\"@type\":\"ReadAction\",\"target\":[\"https:\\\/\\\/refahcocuk.org\\\/press-and-release\\\/\"]}]},{\"@type\":\"BreadcrumbList\",\"@id\":\"https:\\\/\\\/refahcocuk.org\\\/press-and-release\\\/#breadcrumb\",\"itemListElement\":[{\"@type\":\"ListItem\",\"position\":1,\"name\":\"Home\",\"item\":\"https:\\\/\\\/refahcocuk.org\\\/\"},{\"@type\":\"ListItem\",\"position\":2,\"name\":\"Press and Release\"}]},{\"@type\":\"WebSite\",\"@id\":\"https:\\\/\\\/refahcocuk.org\\\/#website\",\"url\":\"https:\\\/\\\/refahcocuk.org\\\/\",\"name\":\"Refahcocuk.org\",\"description\":\"Refah for Child Welfare\",\"publisher\":{\"@id\":\"https:\\\/\\\/refahcocuk.org\\\/#organization\"},\"alternateName\":\"Refah\",\"potentialAction\":[{\"@type\":\"SearchAction\",\"target\":{\"@type\":\"EntryPoint\",\"urlTemplate\":\"https:\\\/\\\/refahcocuk.org\\\/?s={search_term_string}\"},\"query-input\":{\"@type\":\"PropertyValueSpecification\",\"valueRequired\":true,\"valueName\":\"search_term_string\"}}],\"inLanguage\":\"fr-FR\"},{\"@type\":\"Organization\",\"@id\":\"https:\\\/\\\/refahcocuk.org\\\/#organization\",\"name\":\"Refah \u00e7ocuk dernegi\",\"alternateName\":\"Refah for children welfare\",\"url\":\"https:\\\/\\\/refahcocuk.org\\\/\",\"logo\":{\"@type\":\"ImageObject\",\"inLanguage\":\"fr-FR\",\"@id\":\"https:\\\/\\\/refahcocuk.org\\\/#\\\/schema\\\/logo\\\/image\\\/\",\"url\":\"https:\\\/\\\/refahcocuk.org\\\/wp-content\\\/uploads\\\/2023\\\/06\\\/Logo-1.png\",\"contentUrl\":\"https:\\\/\\\/refahcocuk.org\\\/wp-content\\\/uploads\\\/2023\\\/06\\\/Logo-1.png\",\"width\":926,\"height\":178,\"caption\":\"Refah \u00e7ocuk dernegi\"},\"image\":{\"@id\":\"https:\\\/\\\/refahcocuk.org\\\/#\\\/schema\\\/logo\\\/image\\\/\"},\"sameAs\":[\"https:\\\/\\\/www.facebook.com\\\/profile.php?id=100090251257453&mibextid=LQQJ4d\",\"https:\\\/\\\/instagram.com\\\/refahcocukdernegi\"],\"description\":\"Non-profit humanitarian association seeking through programs. Innovative specialization in child care, protection and alleviation his suffering and empower him with all his rights that have been approved International laws and conventions through specialized programs innovative. It was established in the year 2020 by a group of workers in the charitable humanitarian field, according to the reference number34-259\\\/166 issued by the Republic of Turkey.\",\"email\":\"info@refahcocuk.org\",\"telephone\":\"00905528480444\",\"legalName\":\"Refah \u00e7ocuk dernegi\",\"foundingDate\":\"2020-02-19\",\"numberOfEmployees\":{\"@type\":\"QuantitativeValue\",\"minValue\":\"11\",\"maxValue\":\"50\"}}]}<\/script>\n","yoast_head_json":{"title":"Refah Resources","description":"Refah Resource Center: Dive into a comprehensive collection of resources provided by Refah Cocuk NGO. Explore our news, reports and blogs.","robots":{"index":"index","follow":"follow","max-snippet":"max-snippet:-1","max-image-preview":"max-image-preview:large","max-video-preview":"max-video-preview:-1"},"canonical":"https:\/\/refahcocuk.org\/fr\/press-and-release\/","og_locale":"fr_FR","og_type":"article","og_title":"Press and Release","og_description":"Refah Resource Center: Dive into a comprehensive collection of resources provided by Refah Cocuk NGO. Explore our news, reports and blogs.","og_url":"https:\/\/refahcocuk.org\/fr\/press-and-release\/","og_site_name":"Refah \u00c7ocuk Dernegi","article_publisher":"https:\/\/www.facebook.com\/profile.php?id=100090251257453&mibextid=LQQJ4d","article_modified_time":"2024-11-08T11:16:17+00:00","og_image":[{"width":2560,"height":1441,"url":"https:\/\/refahcocuk.org\/oodoweew\/2023\/05\/DSC02130-scaled.jpg","type":"image\/jpeg"}],"twitter_card":"summary_large_image","twitter_misc":{"Dur\u00e9e de lecture estim\u00e9e":"1 minute"},"schema":{"@context":"https:\/\/schema.org","@graph":[{"@type":"WebPage","@id":"https:\/\/refahcocuk.org\/press-and-release\/","url":"https:\/\/refahcocuk.org\/press-and-release\/","name":"Refah Resources","isPartOf":{"@id":"https:\/\/refahcocuk.org\/#website"},"datePublished":"2023-07-31T10:55:01+00:00","dateModified":"2024-11-08T11:16:17+00:00","description":"Refah Resource Center: Dive into a comprehensive collection of resources provided by Refah Cocuk NGO. Explore our news, reports and blogs.","breadcrumb":{"@id":"https:\/\/refahcocuk.org\/press-and-release\/#breadcrumb"},"inLanguage":"fr-FR","potentialAction":[{"@type":"ReadAction","target":["https:\/\/refahcocuk.org\/press-and-release\/"]}]},{"@type":"BreadcrumbList","@id":"https:\/\/refahcocuk.org\/press-and-release\/#breadcrumb","itemListElement":[{"@type":"ListItem","position":1,"name":"Home","item":"https:\/\/refahcocuk.org\/"},{"@type":"ListItem","position":2,"name":"Press and Release"}]},{"@type":"WebSite","@id":"https:\/\/refahcocuk.org\/#website","url":"https:\/\/refahcocuk.org\/","name":"Refahcocuk.org","description":"Refah for Child Welfare","publisher":{"@id":"https:\/\/refahcocuk.org\/#organization"},"alternateName":"Refah","potentialAction":[{"@type":"SearchAction","target":{"@type":"EntryPoint","urlTemplate":"https:\/\/refahcocuk.org\/?s={search_term_string}"},"query-input":{"@type":"PropertyValueSpecification","valueRequired":true,"valueName":"search_term_string"}}],"inLanguage":"fr-FR"},{"@type":"Organization","@id":"https:\/\/refahcocuk.org\/#organization","name":"Refah \u00e7ocuk dernegi","alternateName":"Refah for children welfare","url":"https:\/\/refahcocuk.org\/","logo":{"@type":"ImageObject","inLanguage":"fr-FR","@id":"https:\/\/refahcocuk.org\/#\/schema\/logo\/image\/","url":"https:\/\/refahcocuk.org\/oodoweew\/2023\/06\/Logo-1.png","contentUrl":"https:\/\/refahcocuk.org\/oodoweew\/2023\/06\/Logo-1.png","width":926,"height":178,"caption":"Refah \u00e7ocuk dernegi"},"image":{"@id":"https:\/\/refahcocuk.org\/#\/schema\/logo\/image\/"},"sameAs":["https:\/\/www.facebook.com\/profile.php?id=100090251257453&mibextid=LQQJ4d","https:\/\/instagram.com\/refahcocukdernegi"],"description":"Association humanitaire \u00e0 but non lucratif cherchant \u00e0 travers des programmes une sp\u00e9cialisation novatrice dans les soins, la protection et l'all\u00e8gement de la souffrance de l'enfant, et \u00e0 l'autonomiser avec tous ses droits approuv\u00e9s par les lois internationales et les conventions \u00e0 travers des programmes sp\u00e9cialis\u00e9s innovants. Elle a \u00e9t\u00e9 cr\u00e9\u00e9e en 2020 par un groupe de travailleurs dans le domaine humanitaire caritatif, selon le num\u00e9ro de r\u00e9f\u00e9rence 34-259\/166 d\u00e9livr\u00e9 par la R\u00e9publique de Turquie.","email":"info@refahcocuk.org","telephone":"00905528480444","legalName":"Refah \u00e7ocuk dernegi","foundingDate":"2020-02-19","numberOfEmployees":{"@type":"QuantitativeValue","minValue":"11","maxValue":"50"}}]}},"wpcf_dashboard":"<div class=\"woocommerce\"><div class=\"woocommerce-info\">Veuillez d\u2019abord vous identifier\u00a0? <a class=\"wpneoShowLogin\" href=\"#\">Cliquez ici pour vous identifier<\/a><\/div><div class=\"wpneo_login_form_div\" style=\"display: none;\"><form name=\"loginform\" id=\"loginform\" action=\"https:\/\/refahcocuk.org\/securelogin.php\" method=\"post\"><p class=\"login-username\">\n\t\t\t\t<label for=\"user_login\">Identifiant ou adresse e-mail<\/label>\n\t\t\t\t<input type=\"text\" name=\"log\" id=\"user_login\" autocomplete=\"username\" class=\"input\" value=\"\" size=\"20\" \/>\n\t\t\t<\/p><p class=\"login-password\">\n\t\t\t\t<label for=\"user_pass\">Mot de passe<\/label>\n\t\t\t\t<input type=\"password\" name=\"pwd\" id=\"user_pass\" autocomplete=\"current-password\" spellcheck=\"false\" class=\"input\" value=\"\" size=\"20\" \/>\n\t\t\t<\/p><p class=\"login-remember\"><label><input name=\"rememberme\" type=\"checkbox\" id=\"rememberme\" value=\"forever\" \/> Se souvenir de moi<\/label><\/p><p class=\"login-submit\">\n\t\t\t\t<input type=\"submit\" name=\"wp-submit\" id=\"wp-submit\" class=\"button button-primary\" value=\"Se connecter\" \/>\n\t\t\t\t<input type=\"hidden\" name=\"redirect_to\" value=\"https:\/\/refahcocuk.org\/fr\/wp-json\/wp\/v2\/pages\/3715\" \/>\n\t\t\t<\/p><\/form><\/div><\/div>","_links":{"self":[{"href":"https:\/\/refahcocuk.org\/fr\/wp-json\/wp\/v2\/pages\/3715","targetHints":{"allow":["GET"]}}],"collection":[{"href":"https:\/\/refahcocuk.org\/fr\/wp-json\/wp\/v2\/pages"}],"about":[{"href":"https:\/\/refahcocuk.org\/fr\/wp-json\/wp\/v2\/types\/page"}],"author":[{"embeddable":true,"href":"https:\/\/refahcocuk.org\/fr\/wp-json\/wp\/v2\/users\/3"}],"replies":[{"embeddable":true,"href":"https:\/\/refahcocuk.org\/fr\/wp-json\/wp\/v2\/comments?post=3715"}],"version-history":[{"count":25,"href":"https:\/\/refahcocuk.org\/fr\/wp-json\/wp\/v2\/pages\/3715\/revisions"}],"predecessor-version":[{"id":7251,"href":"https:\/\/refahcocuk.org\/fr\/wp-json\/wp\/v2\/pages\/3715\/revisions\/7251"}],"wp:attachment":[{"href":"https:\/\/refahcocuk.org\/fr\/wp-json\/wp\/v2\/media?parent=3715"}],"curies":[{"name":"wp","href":"https:\/\/api.w.org\/{rel}","templated":true}]}}