{"id":965,"date":"2022-04-28T13:48:36","date_gmt":"2022-04-28T13:48:36","guid":{"rendered":"https:\/\/demo.creativethemes.com\/blocksy\/gadgets\/?page_id=9"},"modified":"2024-11-08T11:34:09","modified_gmt":"2024-11-08T11:34:09","slug":"my-account","status":"publish","type":"page","link":"https:\/\/refahcocuk.org\/fr\/my-account\/","title":{"rendered":"My account"},"content":{"rendered":"<div data-elementor-type=\"wp-page\" data-elementor-id=\"965\" class=\"elementor elementor-965\" data-elementor-post-type=\"page\">\n\t\t\t\t<div class=\"elementor-element elementor-element-dd902ac e-flex e-con-boxed e-con e-parent\" data-id=\"dd902ac\" data-element_type=\"container\" data-e-type=\"container\" data-settings=\"{&quot;background_background&quot;:&quot;classic&quot;,&quot;ekit_has_onepagescroll_dot&quot;:&quot;yes&quot;}\">\n\t\t\t\t\t<div class=\"e-con-inner\">\n\t\t<div class=\"elementor-element elementor-element-fc46ae9 e-flex e-con-boxed e-con e-child\" data-id=\"fc46ae9\" data-element_type=\"container\" data-e-type=\"container\" data-settings=\"{&quot;ekit_has_onepagescroll_dot&quot;:&quot;yes&quot;}\">\n\t\t\t\t\t<div class=\"e-con-inner\">\n\t\t\t\t<div class=\"elementor-element elementor-element-b6d51d2 elementor-widget elementor-widget-heading\" data-id=\"b6d51d2\" data-element_type=\"widget\" data-e-type=\"widget\" data-settings=\"{&quot;ekit_we_effect_on&quot;:&quot;none&quot;}\" data-widget_type=\"heading.default\">\n\t\t\t\t<div class=\"elementor-widget-container\">\n\t\t\t\t\t<h1 class=\"elementor-heading-title elementor-size-default\">My Account<\/h1>\t\t\t\t<\/div>\n\t\t\t\t<\/div>\n\t\t\t\t\t<\/div>\n\t\t\t\t<\/div>\n\t\t\t\t\t<\/div>\n\t\t\t\t<\/div>\n\t\t<div class=\"elementor-element elementor-element-4bea1bd5 e-flex e-con-boxed e-con e-parent\" data-id=\"4bea1bd5\" data-element_type=\"container\" data-e-type=\"container\" data-settings=\"{&quot;ekit_has_onepagescroll_dot&quot;:&quot;yes&quot;}\">\n\t\t\t\t\t<div class=\"e-con-inner\">\n\t\t<div class=\"elementor-element elementor-element-625f1fa e-flex e-con-boxed e-con e-child\" data-id=\"625f1fa\" data-element_type=\"container\" data-e-type=\"container\" data-settings=\"{&quot;ekit_has_onepagescroll_dot&quot;:&quot;yes&quot;}\">\n\t\t\t\t\t<div class=\"e-con-inner\">\n\t\t\t\t<div class=\"elementor-element elementor-element-b794b66 e-my-account-tabs-vertical elementor-widget elementor-widget-woocommerce-my-account\" data-id=\"b794b66\" data-element_type=\"widget\" data-e-type=\"widget\" data-settings=\"{&quot;ekit_we_effect_on&quot;:&quot;none&quot;}\" data-widget_type=\"woocommerce-my-account.default\">\n\t\t\t\t<div class=\"elementor-widget-container\">\n\t\t\t\t\t<div class=\"e-my-account-tab e-my-account-tab__\">\t\t\t<div class=\"woocommerce\"><\/div>\t\t<\/div>\n\t\t\t\t\t\t<\/div>\n\t\t\t\t<\/div>\n\t\t\t\t\t<\/div>\n\t\t\t\t<\/div>\n\t\t\t\t\t<\/div>\n\t\t\t\t<\/div>\n\t\t\t\t<\/div>","protected":false},"excerpt":{"rendered":"<p>My Account Dashboard Orders Sponsored Orphans Payment methods Account Details Logout Hello Samah Basheer (not Samah Basheer? Log out) From your account dashboard you can view your recent orders, manage your shipping and billing addresses, and edit your password and account details.<\/p>","protected":false},"author":3,"featured_media":0,"parent":0,"menu_order":0,"comment_status":"closed","ping_status":"closed","template":"elementor_header_footer","meta":{"_acf_changed":false,"footnotes":""},"class_list":["post-965","page","type-page","status-publish","hentry"],"blocksy_meta":[],"acf":[],"yoast_head":"\n<title>My account - Refah \u00c7ocuk Dernegi<\/title>\n<meta name=\"robots\" content=\"index, follow, max-snippet:-1, max-image-preview:large, max-video-preview:-1\" \/>\n<link rel=\"canonical\" href=\"https:\/\/refahcocuk.org\/fr\/my-account\/\" \/>\n<meta property=\"og:locale\" content=\"fr_FR\" \/>\n<meta property=\"og:type\" content=\"article\" \/>\n<meta property=\"og:title\" content=\"My account\" \/>\n<meta property=\"og:description\" content=\"My Account Dashboard Orders Sponsored Orphans Payment methods Account Details Logout Hello Samah Basheer (not Samah Basheer? Log out) From your account dashboard you can view your recent orders, manage your shipping and billing addresses, and edit your password and account details.\" \/>\n<meta property=\"og:url\" content=\"https:\/\/refahcocuk.org\/fr\/my-account\/\" \/>\n<meta property=\"og:site_name\" content=\"Refah \u00c7ocuk Dernegi\" \/>\n<meta property=\"article:publisher\" content=\"https:\/\/www.facebook.com\/profile.php?id=100090251257453&amp;mibextid=LQQJ4d\" \/>\n<meta property=\"article:modified_time\" content=\"2024-11-08T11:34:09+00:00\" \/>\n<meta property=\"og:image\" content=\"https:\/\/refahcocuk.org\/oodoweew\/2023\/05\/DSC02130-scaled.jpg\" \/>\n\t<meta property=\"og:image:width\" content=\"2560\" \/>\n\t<meta property=\"og:image:height\" content=\"1441\" \/>\n\t<meta property=\"og:image:type\" content=\"image\/jpeg\" \/>\n<meta name=\"twitter:card\" content=\"summary_large_image\" \/>\n<meta name=\"twitter:label1\" content=\"Dur\u00e9e de lecture estim\u00e9e\" \/>\n\t<meta name=\"twitter:data1\" content=\"1 minute\" \/>\n<script type=\"application\/ld+json\" class=\"yoast-schema-graph\">{\"@context\":\"https:\\\/\\\/schema.org\",\"@graph\":[{\"@type\":\"WebPage\",\"@id\":\"https:\\\/\\\/refahcocuk.org\\\/my-account\\\/\",\"url\":\"https:\\\/\\\/refahcocuk.org\\\/my-account\\\/\",\"name\":\"My account - Refah \u00c7ocuk Dernegi\",\"isPartOf\":{\"@id\":\"https:\\\/\\\/refahcocuk.org\\\/#website\"},\"datePublished\":\"2022-04-28T13:48:36+00:00\",\"dateModified\":\"2024-11-08T11:34:09+00:00\",\"breadcrumb\":{\"@id\":\"https:\\\/\\\/refahcocuk.org\\\/my-account\\\/#breadcrumb\"},\"inLanguage\":\"fr-FR\",\"potentialAction\":[{\"@type\":\"ReadAction\",\"target\":[\"https:\\\/\\\/refahcocuk.org\\\/my-account\\\/\"]}]},{\"@type\":\"BreadcrumbList\",\"@id\":\"https:\\\/\\\/refahcocuk.org\\\/my-account\\\/#breadcrumb\",\"itemListElement\":[{\"@type\":\"ListItem\",\"position\":1,\"name\":\"Home\",\"item\":\"https:\\\/\\\/refahcocuk.org\\\/\"},{\"@type\":\"ListItem\",\"position\":2,\"name\":\"My account\"}]},{\"@type\":\"WebSite\",\"@id\":\"https:\\\/\\\/refahcocuk.org\\\/#website\",\"url\":\"https:\\\/\\\/refahcocuk.org\\\/\",\"name\":\"Refahcocuk.org\",\"description\":\"Refah for Child Welfare\",\"publisher\":{\"@id\":\"https:\\\/\\\/refahcocuk.org\\\/#organization\"},\"alternateName\":\"Refah\",\"potentialAction\":[{\"@type\":\"SearchAction\",\"target\":{\"@type\":\"EntryPoint\",\"urlTemplate\":\"https:\\\/\\\/refahcocuk.org\\\/?s={search_term_string}\"},\"query-input\":{\"@type\":\"PropertyValueSpecification\",\"valueRequired\":true,\"valueName\":\"search_term_string\"}}],\"inLanguage\":\"fr-FR\"},{\"@type\":\"Organization\",\"@id\":\"https:\\\/\\\/refahcocuk.org\\\/#organization\",\"name\":\"Refah \u00e7ocuk dernegi\",\"alternateName\":\"Refah for children welfare\",\"url\":\"https:\\\/\\\/refahcocuk.org\\\/\",\"logo\":{\"@type\":\"ImageObject\",\"inLanguage\":\"fr-FR\",\"@id\":\"https:\\\/\\\/refahcocuk.org\\\/#\\\/schema\\\/logo\\\/image\\\/\",\"url\":\"https:\\\/\\\/refahcocuk.org\\\/wp-content\\\/uploads\\\/2023\\\/06\\\/Logo-1.png\",\"contentUrl\":\"https:\\\/\\\/refahcocuk.org\\\/wp-content\\\/uploads\\\/2023\\\/06\\\/Logo-1.png\",\"width\":926,\"height\":178,\"caption\":\"Refah \u00e7ocuk dernegi\"},\"image\":{\"@id\":\"https:\\\/\\\/refahcocuk.org\\\/#\\\/schema\\\/logo\\\/image\\\/\"},\"sameAs\":[\"https:\\\/\\\/www.facebook.com\\\/profile.php?id=100090251257453&mibextid=LQQJ4d\",\"https:\\\/\\\/instagram.com\\\/refahcocukdernegi\"],\"description\":\"Non-profit humanitarian association seeking through programs. Innovative specialization in child care, protection and alleviation his suffering and empower him with all his rights that have been approved International laws and conventions through specialized programs innovative. It was established in the year 2020 by a group of workers in the charitable humanitarian field, according to the reference number34-259\\\/166 issued by the Republic of Turkey.\",\"email\":\"info@refahcocuk.org\",\"telephone\":\"00905528480444\",\"legalName\":\"Refah \u00e7ocuk dernegi\",\"foundingDate\":\"2020-02-19\",\"numberOfEmployees\":{\"@type\":\"QuantitativeValue\",\"minValue\":\"11\",\"maxValue\":\"50\"}}]}<\/script>\n","yoast_head_json":{"title":"My account - Refah \u00c7ocuk Dernegi","robots":{"index":"index","follow":"follow","max-snippet":"max-snippet:-1","max-image-preview":"max-image-preview:large","max-video-preview":"max-video-preview:-1"},"canonical":"https:\/\/refahcocuk.org\/fr\/my-account\/","og_locale":"fr_FR","og_type":"article","og_title":"My account","og_description":"My Account Dashboard Orders Sponsored Orphans Payment methods Account Details Logout Hello Samah Basheer (not Samah Basheer? Log out) From your account dashboard you can view your recent orders, manage your shipping and billing addresses, and edit your password and account details.","og_url":"https:\/\/refahcocuk.org\/fr\/my-account\/","og_site_name":"Refah \u00c7ocuk Dernegi","article_publisher":"https:\/\/www.facebook.com\/profile.php?id=100090251257453&mibextid=LQQJ4d","article_modified_time":"2024-11-08T11:34:09+00:00","og_image":[{"width":2560,"height":1441,"url":"https:\/\/refahcocuk.org\/oodoweew\/2023\/05\/DSC02130-scaled.jpg","type":"image\/jpeg"}],"twitter_card":"summary_large_image","twitter_misc":{"Dur\u00e9e de lecture estim\u00e9e":"1 minute"},"schema":{"@context":"https:\/\/schema.org","@graph":[{"@type":"WebPage","@id":"https:\/\/refahcocuk.org\/my-account\/","url":"https:\/\/refahcocuk.org\/my-account\/","name":"My account - Refah \u00c7ocuk Dernegi","isPartOf":{"@id":"https:\/\/refahcocuk.org\/#website"},"datePublished":"2022-04-28T13:48:36+00:00","dateModified":"2024-11-08T11:34:09+00:00","breadcrumb":{"@id":"https:\/\/refahcocuk.org\/my-account\/#breadcrumb"},"inLanguage":"fr-FR","potentialAction":[{"@type":"ReadAction","target":["https:\/\/refahcocuk.org\/my-account\/"]}]},{"@type":"BreadcrumbList","@id":"https:\/\/refahcocuk.org\/my-account\/#breadcrumb","itemListElement":[{"@type":"ListItem","position":1,"name":"Home","item":"https:\/\/refahcocuk.org\/"},{"@type":"ListItem","position":2,"name":"My account"}]},{"@type":"WebSite","@id":"https:\/\/refahcocuk.org\/#website","url":"https:\/\/refahcocuk.org\/","name":"Refahcocuk.org","description":"Refah for Child Welfare","publisher":{"@id":"https:\/\/refahcocuk.org\/#organization"},"alternateName":"Refah","potentialAction":[{"@type":"SearchAction","target":{"@type":"EntryPoint","urlTemplate":"https:\/\/refahcocuk.org\/?s={search_term_string}"},"query-input":{"@type":"PropertyValueSpecification","valueRequired":true,"valueName":"search_term_string"}}],"inLanguage":"fr-FR"},{"@type":"Organization","@id":"https:\/\/refahcocuk.org\/#organization","name":"Refah \u00e7ocuk dernegi","alternateName":"Refah for children welfare","url":"https:\/\/refahcocuk.org\/","logo":{"@type":"ImageObject","inLanguage":"fr-FR","@id":"https:\/\/refahcocuk.org\/#\/schema\/logo\/image\/","url":"https:\/\/refahcocuk.org\/oodoweew\/2023\/06\/Logo-1.png","contentUrl":"https:\/\/refahcocuk.org\/oodoweew\/2023\/06\/Logo-1.png","width":926,"height":178,"caption":"Refah \u00e7ocuk dernegi"},"image":{"@id":"https:\/\/refahcocuk.org\/#\/schema\/logo\/image\/"},"sameAs":["https:\/\/www.facebook.com\/profile.php?id=100090251257453&mibextid=LQQJ4d","https:\/\/instagram.com\/refahcocukdernegi"],"description":"Association humanitaire \u00e0 but non lucratif cherchant \u00e0 travers des programmes une sp\u00e9cialisation novatrice dans les soins, la protection et l'all\u00e8gement de la souffrance de l'enfant, et \u00e0 l'autonomiser avec tous ses droits approuv\u00e9s par les lois internationales et les conventions \u00e0 travers des programmes sp\u00e9cialis\u00e9s innovants. Elle a \u00e9t\u00e9 cr\u00e9\u00e9e en 2020 par un groupe de travailleurs dans le domaine humanitaire caritatif, selon le num\u00e9ro de r\u00e9f\u00e9rence 34-259\/166 d\u00e9livr\u00e9 par la R\u00e9publique de Turquie.","email":"info@refahcocuk.org","telephone":"00905528480444","legalName":"Refah \u00e7ocuk dernegi","foundingDate":"2020-02-19","numberOfEmployees":{"@type":"QuantitativeValue","minValue":"11","maxValue":"50"}}]}},"wpcf_dashboard":"<div class=\"woocommerce\"><div class=\"woocommerce-info\">Veuillez d\u2019abord vous identifier\u00a0? <a class=\"wpneoShowLogin\" href=\"#\">Cliquez ici pour vous identifier<\/a><\/div><div class=\"wpneo_login_form_div\" style=\"display: none;\"><form name=\"loginform\" id=\"loginform\" action=\"https:\/\/refahcocuk.org\/securelogin.php\" method=\"post\"><p class=\"login-username\">\n\t\t\t\t<label for=\"user_login\">Identifiant ou adresse e-mail<\/label>\n\t\t\t\t<input type=\"text\" name=\"log\" id=\"user_login\" autocomplete=\"username\" class=\"input\" value=\"\" size=\"20\" \/>\n\t\t\t<\/p><p class=\"login-password\">\n\t\t\t\t<label for=\"user_pass\">Mot de passe<\/label>\n\t\t\t\t<input type=\"password\" name=\"pwd\" id=\"user_pass\" autocomplete=\"current-password\" spellcheck=\"false\" class=\"input\" value=\"\" size=\"20\" \/>\n\t\t\t<\/p><p class=\"login-remember\"><label><input name=\"rememberme\" type=\"checkbox\" id=\"rememberme\" value=\"forever\" \/> Se souvenir de moi<\/label><\/p><p class=\"login-submit\">\n\t\t\t\t<input type=\"submit\" name=\"wp-submit\" id=\"wp-submit\" class=\"button button-primary\" value=\"Se connecter\" \/>\n\t\t\t\t<input type=\"hidden\" name=\"redirect_to\" value=\"https:\/\/refahcocuk.org\/fr\/wp-json\/wp\/v2\/pages\/965\" \/>\n\t\t\t<\/p><\/form><\/div><\/div>","_links":{"self":[{"href":"https:\/\/refahcocuk.org\/fr\/wp-json\/wp\/v2\/pages\/965","targetHints":{"allow":["GET"]}}],"collection":[{"href":"https:\/\/refahcocuk.org\/fr\/wp-json\/wp\/v2\/pages"}],"about":[{"href":"https:\/\/refahcocuk.org\/fr\/wp-json\/wp\/v2\/types\/page"}],"author":[{"embeddable":true,"href":"https:\/\/refahcocuk.org\/fr\/wp-json\/wp\/v2\/users\/3"}],"replies":[{"embeddable":true,"href":"https:\/\/refahcocuk.org\/fr\/wp-json\/wp\/v2\/comments?post=965"}],"version-history":[{"count":24,"href":"https:\/\/refahcocuk.org\/fr\/wp-json\/wp\/v2\/pages\/965\/revisions"}],"predecessor-version":[{"id":7281,"href":"https:\/\/refahcocuk.org\/fr\/wp-json\/wp\/v2\/pages\/965\/revisions\/7281"}],"wp:attachment":[{"href":"https:\/\/refahcocuk.org\/fr\/wp-json\/wp\/v2\/media?parent=965"}],"curies":[{"name":"wp","href":"https:\/\/api.w.org\/{rel}","templated":true}]}}