{"id":3707,"date":"2023-07-31T10:40:25","date_gmt":"2023-07-31T10:40:25","guid":{"rendered":"http:\/\/refahcocuk.org\/?page_id=3707"},"modified":"2024-11-08T07:53:58","modified_gmt":"2024-11-08T07:53:58","slug":"achievements","status":"publish","type":"page","link":"https:\/\/refahcocuk.org\/tr\/achievements\/","title":{"rendered":"Ba\u015far\u0131lar"},"content":{"rendered":"<div data-elementor-type=\"wp-page\" data-elementor-id=\"3707\" class=\"elementor elementor-3707\" data-elementor-post-type=\"page\">\n\t\t\t\t<div class=\"elementor-element elementor-element-eeeadd8 e-flex e-con-boxed e-con e-parent\" data-id=\"eeeadd8\" data-element_type=\"container\" data-e-type=\"container\" data-settings=\"{&quot;background_background&quot;:&quot;classic&quot;,&quot;ekit_has_onepagescroll_dot&quot;:&quot;yes&quot;}\">\n\t\t\t\t\t<div class=\"e-con-inner\">\n\t\t<div class=\"elementor-element elementor-element-d53db0c e-flex e-con-boxed e-con e-child\" data-id=\"d53db0c\" data-element_type=\"container\" data-e-type=\"container\" data-settings=\"{&quot;ekit_has_onepagescroll_dot&quot;:&quot;yes&quot;}\">\n\t\t\t\t\t<div class=\"e-con-inner\">\n\t\t\t\t<div class=\"elementor-element elementor-element-2d9b3e2 elementor-widget elementor-widget-heading\" data-id=\"2d9b3e2\" data-element_type=\"widget\" data-e-type=\"widget\" data-settings=\"{&quot;ekit_we_effect_on&quot;:&quot;none&quot;}\" data-widget_type=\"heading.default\">\n\t\t\t\t<div class=\"elementor-widget-container\">\n\t\t\t\t\t<h1 class=\"elementor-heading-title elementor-size-default\">Refah Ba\u015far\u0131lar\u0131. \n<\/h1>\t\t\t\t<\/div>\n\t\t\t\t<\/div>\n\t\t<div class=\"elementor-element elementor-element-d8004c4 e-flex e-con-boxed e-con e-child\" data-id=\"d8004c4\" data-element_type=\"container\" data-e-type=\"container\" data-settings=\"{&quot;ekit_has_onepagescroll_dot&quot;:&quot;yes&quot;}\">\n\t\t\t\t\t<div class=\"e-con-inner\">\n\t\t\t\t<div class=\"elementor-element elementor-element-94ff14c elementor-widget elementor-widget-text-editor\" data-id=\"94ff14c\" data-element_type=\"widget\" data-e-type=\"widget\" data-settings=\"{&quot;ekit_we_effect_on&quot;:&quot;none&quot;}\" data-widget_type=\"text-editor.default\">\n\t\t\t\t<div class=\"elementor-widget-container\">\n\t\t\t\t\t\t\t\t\t<p>Blogumuz, \u00e7ocuklar\u0131n haklar\u0131 konusunda fark\u0131ndal\u0131k yaratma, refahlar\u0131n\u0131 art\u0131rma ve hayatlar\u0131n\u0131 iyile\u015ftirmeye yard\u0131mc\u0131 olacak y\u00f6ntemleri sergileme amac\u0131yla bir platformdur.<\/p>\t\t\t\t\t\t\t\t<\/div>\n\t\t\t\t<\/div>\n\t\t\t\t\t<\/div>\n\t\t\t\t<\/div>\n\t\t\t\t\t<\/div>\n\t\t\t\t<\/div>\n\t\t\t\t\t<\/div>\n\t\t\t\t<\/div>\n\t\t<div class=\"elementor-element elementor-element-0709db5 e-flex e-con-boxed e-con e-parent\" data-id=\"0709db5\" data-element_type=\"container\" data-e-type=\"container\" data-settings=\"{&quot;background_background&quot;:&quot;classic&quot;,&quot;ekit_has_onepagescroll_dot&quot;:&quot;yes&quot;}\">\n\t\t\t\t\t<div class=\"e-con-inner\">\n\t\t<div class=\"elementor-element elementor-element-4a5287d e-con-full e-flex e-con e-child\" data-id=\"4a5287d\" data-element_type=\"container\" data-e-type=\"container\" data-settings=\"{&quot;ekit_has_onepagescroll_dot&quot;:&quot;yes&quot;}\">\n\t\t\t\t<div class=\"elementor-element elementor-element-46bf185 elementor-grid-3 elementor-grid-tablet-2 elementor-grid-mobile-1 elementor-posts--thumbnail-top elementor-card-shadow-yes elementor-posts__hover-gradient elementor-widget elementor-widget-posts\" data-id=\"46bf185\" data-element_type=\"widget\" data-e-type=\"widget\" data-settings=\"{&quot;cards_columns&quot;:&quot;3&quot;,&quot;cards_columns_tablet&quot;:&quot;2&quot;,&quot;cards_columns_mobile&quot;:&quot;1&quot;,&quot;cards_row_gap&quot;:{&quot;unit&quot;:&quot;px&quot;,&quot;size&quot;:35,&quot;sizes&quot;:[]},&quot;cards_row_gap_tablet&quot;:{&quot;unit&quot;:&quot;px&quot;,&quot;size&quot;:&quot;&quot;,&quot;sizes&quot;:[]},&quot;cards_row_gap_mobile&quot;:{&quot;unit&quot;:&quot;px&quot;,&quot;size&quot;:&quot;&quot;,&quot;sizes&quot;:[]},&quot;ekit_we_effect_on&quot;:&quot;none&quot;}\" data-widget_type=\"posts.cards\">\n\t\t\t\t<div class=\"elementor-widget-container\">\n\t\t\t\t\t\t\t<div class=\"elementor-posts-container elementor-posts elementor-posts--skin-cards elementor-grid\" role=\"list\">\n\t\t\t\t<article class=\"elementor-post elementor-grid-item post-7669 post type-post status-publish format-standard has-post-thumbnail hentry category-achivements\" role=\"listitem\">\n\t\t\t<div class=\"elementor-post__card\">\n\t\t\t\t<a class=\"elementor-post__thumbnail__link\" href=\"https:\/\/refahcocuk.org\/tr\/qurbani-2025-in-lebanon\/\" tabindex=\"-1\" ><div class=\"elementor-post__thumbnail\"><img fetchpriority=\"high\" decoding=\"async\" width=\"1840\" height=\"1225\" src=\"https:\/\/refahcocuk.org\/oodoweew\/2025\/07\/jpeg-optimizer_DSC01019.jpg\" class=\"attachment-full size-full wp-image-7671\" alt=\"Qurbani in Lebanon\" srcset=\"https:\/\/refahcocuk.org\/oodoweew\/2025\/07\/jpeg-optimizer_DSC01019.jpg 1840w, https:\/\/refahcocuk.org\/oodoweew\/2025\/07\/jpeg-optimizer_DSC01019-300x200.jpg 300w, https:\/\/refahcocuk.org\/oodoweew\/2025\/07\/jpeg-optimizer_DSC01019-1024x682.jpg 1024w, https:\/\/refahcocuk.org\/oodoweew\/2025\/07\/jpeg-optimizer_DSC01019-768x511.jpg 768w, https:\/\/refahcocuk.org\/oodoweew\/2025\/07\/jpeg-optimizer_DSC01019-1536x1023.jpg 1536w, https:\/\/refahcocuk.org\/oodoweew\/2025\/07\/jpeg-optimizer_DSC01019-18x12.jpg 18w, https:\/\/refahcocuk.org\/oodoweew\/2025\/07\/jpeg-optimizer_DSC01019-600x399.jpg 600w\" sizes=\"(max-width: 1840px) 100vw, 1840px\" \/><\/div><\/a>\n\t\t\t\t<div class=\"elementor-post__badge\">Achivements<\/div>\n\t\t\t\t<div class=\"elementor-post__text\">\n\t\t\t\t<h3 class=\"elementor-post__title\">\n\t\t\t<a href=\"https:\/\/refahcocuk.org\/tr\/qurbani-2025-in-lebanon\/\" >\n\t\t\t\t2025 Kurban\u0131 L\u00fcbnan'da\t\t\t<\/a>\n\t\t<\/h3>\n\t\t\t\t<div class=\"elementor-post__excerpt\">\n\t\t\t<p>Qurbani 2025 in Lebanon During the blessed days of Eid<\/p>\n\t\t<\/div>\n\t\t\n\t\t<a class=\"elementor-post__read-more\" href=\"https:\/\/refahcocuk.org\/tr\/qurbani-2025-in-lebanon\/\" aria-label=\"Read more about Qurbani 2025 in Lebanon\" tabindex=\"-1\" >\n\t\t\tDaha Fazla Oku \u00bb\t\t<\/a>\n\n\t\t\t\t<\/div>\n\t\t\t\t<div class=\"elementor-post__meta-data\">\n\t\t\t\t\t<span class=\"elementor-post-date\">\n\t\t\tTemmuz 3, 2025\t\t<\/span>\n\t\t\t\t<\/div>\n\t\t\t\t\t<\/div>\n\t\t<\/article>\n\t\t\t\t<\/div>\n\t\t\n\t\t\t\t\t\t<\/div>\n\t\t\t\t<\/div>\n\t\t\t\t<\/div>\n\t\t\t\t\t<\/div>\n\t\t\t\t<\/div>\n\t\t\t\t<\/div>","protected":false},"excerpt":{"rendered":"<p>Refah Achievements Our blog is a platform to raise awareness about the rights of children, promote their well-being and showcase ways to help improve their lives.<\/p>","protected":false},"author":3,"featured_media":0,"parent":0,"menu_order":0,"comment_status":"closed","ping_status":"closed","template":"","meta":{"_acf_changed":false,"footnotes":""},"class_list":["post-3707","page","type-page","status-publish","hentry"],"blocksy_meta":[],"acf":[],"yoast_head":"\n<title>Refah Resources<\/title>\n<meta name=\"description\" content=\"Refah Resource Center: Dive into a comprehensive collection of resources provided by Refah Cocuk NGO. Explore our news, reports and blogs.\" \/>\n<meta name=\"robots\" content=\"index, follow, max-snippet:-1, max-image-preview:large, max-video-preview:-1\" \/>\n<link rel=\"canonical\" href=\"https:\/\/refahcocuk.org\/tr\/achievements\/\" \/>\n<meta property=\"og:locale\" content=\"tr_TR\" \/>\n<meta property=\"og:type\" content=\"article\" \/>\n<meta property=\"og:title\" content=\"Achievements\" \/>\n<meta property=\"og:description\" content=\"Refah Resource Center: Dive into a comprehensive collection of resources provided by Refah Cocuk NGO. Explore our news, reports and blogs.\" \/>\n<meta property=\"og:url\" content=\"https:\/\/refahcocuk.org\/tr\/achievements\/\" \/>\n<meta property=\"og:site_name\" content=\"Refah \u00c7ocuk Dernegi\" \/>\n<meta property=\"article:publisher\" content=\"https:\/\/www.facebook.com\/profile.php?id=100090251257453&amp;mibextid=LQQJ4d\" \/>\n<meta property=\"article:modified_time\" content=\"2024-11-08T07:53:58+00:00\" \/>\n<meta property=\"og:image\" content=\"https:\/\/refahcocuk.org\/oodoweew\/2023\/05\/DSC02130-scaled.jpg\" \/>\n\t<meta property=\"og:image:width\" content=\"2560\" \/>\n\t<meta property=\"og:image:height\" content=\"1441\" \/>\n\t<meta property=\"og:image:type\" content=\"image\/jpeg\" \/>\n<meta name=\"twitter:card\" content=\"summary_large_image\" \/>\n<meta name=\"twitter:label1\" content=\"Tahmini okuma s\u00fcresi\" \/>\n\t<meta name=\"twitter:data1\" content=\"1 dakika\" \/>\n<script type=\"application\/ld+json\" class=\"yoast-schema-graph\">{\"@context\":\"https:\\\/\\\/schema.org\",\"@graph\":[{\"@type\":\"WebPage\",\"@id\":\"https:\\\/\\\/refahcocuk.org\\\/achievements\\\/\",\"url\":\"https:\\\/\\\/refahcocuk.org\\\/achievements\\\/\",\"name\":\"Refah Resources\",\"isPartOf\":{\"@id\":\"https:\\\/\\\/refahcocuk.org\\\/#website\"},\"datePublished\":\"2023-07-31T10:40:25+00:00\",\"dateModified\":\"2024-11-08T07:53:58+00:00\",\"description\":\"Refah Resource Center: Dive into a comprehensive collection of resources provided by Refah Cocuk NGO. Explore our news, reports and blogs.\",\"breadcrumb\":{\"@id\":\"https:\\\/\\\/refahcocuk.org\\\/achievements\\\/#breadcrumb\"},\"inLanguage\":\"tr\",\"potentialAction\":[{\"@type\":\"ReadAction\",\"target\":[\"https:\\\/\\\/refahcocuk.org\\\/achievements\\\/\"]}]},{\"@type\":\"BreadcrumbList\",\"@id\":\"https:\\\/\\\/refahcocuk.org\\\/achievements\\\/#breadcrumb\",\"itemListElement\":[{\"@type\":\"ListItem\",\"position\":1,\"name\":\"Home\",\"item\":\"https:\\\/\\\/refahcocuk.org\\\/\"},{\"@type\":\"ListItem\",\"position\":2,\"name\":\"Achievements\"}]},{\"@type\":\"WebSite\",\"@id\":\"https:\\\/\\\/refahcocuk.org\\\/#website\",\"url\":\"https:\\\/\\\/refahcocuk.org\\\/\",\"name\":\"Refahcocuk.org\",\"description\":\"Refah for Child Welfare\",\"publisher\":{\"@id\":\"https:\\\/\\\/refahcocuk.org\\\/#organization\"},\"alternateName\":\"Refah\",\"potentialAction\":[{\"@type\":\"SearchAction\",\"target\":{\"@type\":\"EntryPoint\",\"urlTemplate\":\"https:\\\/\\\/refahcocuk.org\\\/?s={search_term_string}\"},\"query-input\":{\"@type\":\"PropertyValueSpecification\",\"valueRequired\":true,\"valueName\":\"search_term_string\"}}],\"inLanguage\":\"tr\"},{\"@type\":\"Organization\",\"@id\":\"https:\\\/\\\/refahcocuk.org\\\/#organization\",\"name\":\"Refah \u00e7ocuk dernegi\",\"alternateName\":\"Refah for children welfare\",\"url\":\"https:\\\/\\\/refahcocuk.org\\\/\",\"logo\":{\"@type\":\"ImageObject\",\"inLanguage\":\"tr\",\"@id\":\"https:\\\/\\\/refahcocuk.org\\\/#\\\/schema\\\/logo\\\/image\\\/\",\"url\":\"https:\\\/\\\/refahcocuk.org\\\/wp-content\\\/uploads\\\/2023\\\/06\\\/Logo-1.png\",\"contentUrl\":\"https:\\\/\\\/refahcocuk.org\\\/wp-content\\\/uploads\\\/2023\\\/06\\\/Logo-1.png\",\"width\":926,\"height\":178,\"caption\":\"Refah \u00e7ocuk dernegi\"},\"image\":{\"@id\":\"https:\\\/\\\/refahcocuk.org\\\/#\\\/schema\\\/logo\\\/image\\\/\"},\"sameAs\":[\"https:\\\/\\\/www.facebook.com\\\/profile.php?id=100090251257453&mibextid=LQQJ4d\",\"https:\\\/\\\/instagram.com\\\/refahcocukdernegi\"],\"description\":\"Non-profit humanitarian association seeking through programs. Innovative specialization in child care, protection and alleviation his suffering and empower him with all his rights that have been approved International laws and conventions through specialized programs innovative. It was established in the year 2020 by a group of workers in the charitable humanitarian field, according to the reference number34-259\\\/166 issued by the Republic of Turkey.\",\"email\":\"info@refahcocuk.org\",\"telephone\":\"00905528480444\",\"legalName\":\"Refah \u00e7ocuk dernegi\",\"foundingDate\":\"2020-02-19\",\"numberOfEmployees\":{\"@type\":\"QuantitativeValue\",\"minValue\":\"11\",\"maxValue\":\"50\"}}]}<\/script>\n","yoast_head_json":{"title":"Refah Resources","description":"Refah Resource Center: Dive into a comprehensive collection of resources provided by Refah Cocuk NGO. Explore our news, reports and blogs.","robots":{"index":"index","follow":"follow","max-snippet":"max-snippet:-1","max-image-preview":"max-image-preview:large","max-video-preview":"max-video-preview:-1"},"canonical":"https:\/\/refahcocuk.org\/tr\/achievements\/","og_locale":"tr_TR","og_type":"article","og_title":"Achievements","og_description":"Refah Resource Center: Dive into a comprehensive collection of resources provided by Refah Cocuk NGO. Explore our news, reports and blogs.","og_url":"https:\/\/refahcocuk.org\/tr\/achievements\/","og_site_name":"Refah \u00c7ocuk Dernegi","article_publisher":"https:\/\/www.facebook.com\/profile.php?id=100090251257453&mibextid=LQQJ4d","article_modified_time":"2024-11-08T07:53:58+00:00","og_image":[{"width":2560,"height":1441,"url":"https:\/\/refahcocuk.org\/oodoweew\/2023\/05\/DSC02130-scaled.jpg","type":"image\/jpeg"}],"twitter_card":"summary_large_image","twitter_misc":{"Tahmini okuma s\u00fcresi":"1 dakika"},"schema":{"@context":"https:\/\/schema.org","@graph":[{"@type":"WebPage","@id":"https:\/\/refahcocuk.org\/achievements\/","url":"https:\/\/refahcocuk.org\/achievements\/","name":"Refah Resources","isPartOf":{"@id":"https:\/\/refahcocuk.org\/#website"},"datePublished":"2023-07-31T10:40:25+00:00","dateModified":"2024-11-08T07:53:58+00:00","description":"Refah Resource Center: Dive into a comprehensive collection of resources provided by Refah Cocuk NGO. Explore our news, reports and blogs.","breadcrumb":{"@id":"https:\/\/refahcocuk.org\/achievements\/#breadcrumb"},"inLanguage":"tr","potentialAction":[{"@type":"ReadAction","target":["https:\/\/refahcocuk.org\/achievements\/"]}]},{"@type":"BreadcrumbList","@id":"https:\/\/refahcocuk.org\/achievements\/#breadcrumb","itemListElement":[{"@type":"ListItem","position":1,"name":"Home","item":"https:\/\/refahcocuk.org\/"},{"@type":"ListItem","position":2,"name":"Achievements"}]},{"@type":"WebSite","@id":"https:\/\/refahcocuk.org\/#website","url":"https:\/\/refahcocuk.org\/","name":"Refahcocuk.org","description":"Refah for Child Welfare","publisher":{"@id":"https:\/\/refahcocuk.org\/#organization"},"alternateName":"Refah","potentialAction":[{"@type":"SearchAction","target":{"@type":"EntryPoint","urlTemplate":"https:\/\/refahcocuk.org\/?s={search_term_string}"},"query-input":{"@type":"PropertyValueSpecification","valueRequired":true,"valueName":"search_term_string"}}],"inLanguage":"tr"},{"@type":"Organization","@id":"https:\/\/refahcocuk.org\/#organization","name":"Refah \u00e7ocuk dernegi","alternateName":"Refah for children welfare","url":"https:\/\/refahcocuk.org\/","logo":{"@type":"ImageObject","inLanguage":"tr","@id":"https:\/\/refahcocuk.org\/#\/schema\/logo\/image\/","url":"https:\/\/refahcocuk.org\/oodoweew\/2023\/06\/Logo-1.png","contentUrl":"https:\/\/refahcocuk.org\/oodoweew\/2023\/06\/Logo-1.png","width":926,"height":178,"caption":"Refah \u00e7ocuk dernegi"},"image":{"@id":"https:\/\/refahcocuk.org\/#\/schema\/logo\/image\/"},"sameAs":["https:\/\/www.facebook.com\/profile.php?id=100090251257453&mibextid=LQQJ4d","https:\/\/instagram.com\/refahcocukdernegi"],"description":"K\u00e2r amac\u0131 g\u00fctmeyen bir insani yard\u0131m derne\u011fi, programlar\u0131 arac\u0131l\u0131\u011f\u0131yla \u00e7ocuk bak\u0131m\u0131nda, korumada ve ac\u0131lar\u0131n\u0131 hafifletmede yenilik\u00e7i uzmanl\u0131k aray\u0131\u015f\u0131ndad\u0131r. Uluslararas\u0131 yasalara ve s\u00f6zle\u015fmelere dayanan t\u00fcm haklar\u0131yla donat\u0131lm\u0131\u015f bir \u015fekilde \u00e7ocuklar\u0131 g\u00fc\u00e7lendirmeyi ama\u00e7lamaktad\u0131r. T\u00fcrkiye Cumhuriyeti taraf\u0131ndan verilen 34-259\/166 referans numaras\u0131na g\u00f6re 2020 y\u0131l\u0131nda bir grup hay\u0131rsever insanl\u0131k alan\u0131nda \u00e7al\u0131\u015fan taraf\u0131ndan kurulmu\u015ftur.","email":"info@refahcocuk.org","telephone":"00905528480444","legalName":"Refah \u00e7ocuk dernegi","foundingDate":"2020-02-19","numberOfEmployees":{"@type":"QuantitativeValue","minValue":"11","maxValue":"50"}}]}},"wpcf_dashboard":"<div class=\"woocommerce\"><div class=\"woocommerce-info\">Please log in first? <a class=\"wpneoShowLogin\" href=\"#\">Click here to login<\/a><\/div><div class=\"wpneo_login_form_div\" style=\"display: none;\"><form name=\"loginform\" id=\"loginform\" action=\"https:\/\/refahcocuk.org\/securelogin.php\" method=\"post\"><p class=\"login-username\">\n\t\t\t\t<label for=\"user_login\">Kullan\u0131c\u0131 ad\u0131 ya da e-posta adresi<\/label>\n\t\t\t\t<input type=\"text\" name=\"log\" id=\"user_login\" autocomplete=\"username\" class=\"input\" value=\"\" size=\"20\" \/>\n\t\t\t<\/p><p class=\"login-password\">\n\t\t\t\t<label for=\"user_pass\">Parola<\/label>\n\t\t\t\t<input type=\"password\" name=\"pwd\" id=\"user_pass\" autocomplete=\"current-password\" spellcheck=\"false\" class=\"input\" value=\"\" size=\"20\" \/>\n\t\t\t<\/p><p class=\"login-remember\"><label><input name=\"rememberme\" type=\"checkbox\" id=\"rememberme\" value=\"forever\" \/> Beni hat\u0131rla<\/label><\/p><p class=\"login-submit\">\n\t\t\t\t<input type=\"submit\" name=\"wp-submit\" id=\"wp-submit\" class=\"button button-primary\" value=\"Oturum a\u00e7\" \/>\n\t\t\t\t<input type=\"hidden\" name=\"redirect_to\" value=\"https:\/\/refahcocuk.org\/tr\/wp-json\/wp\/v2\/pages\/3707\" \/>\n\t\t\t<\/p><\/form><\/div><\/div>","_links":{"self":[{"href":"https:\/\/refahcocuk.org\/tr\/wp-json\/wp\/v2\/pages\/3707","targetHints":{"allow":["GET"]}}],"collection":[{"href":"https:\/\/refahcocuk.org\/tr\/wp-json\/wp\/v2\/pages"}],"about":[{"href":"https:\/\/refahcocuk.org\/tr\/wp-json\/wp\/v2\/types\/page"}],"author":[{"embeddable":true,"href":"https:\/\/refahcocuk.org\/tr\/wp-json\/wp\/v2\/users\/3"}],"replies":[{"embeddable":true,"href":"https:\/\/refahcocuk.org\/tr\/wp-json\/wp\/v2\/comments?post=3707"}],"version-history":[{"count":22,"href":"https:\/\/refahcocuk.org\/tr\/wp-json\/wp\/v2\/pages\/3707\/revisions"}],"predecessor-version":[{"id":7201,"href":"https:\/\/refahcocuk.org\/tr\/wp-json\/wp\/v2\/pages\/3707\/revisions\/7201"}],"wp:attachment":[{"href":"https:\/\/refahcocuk.org\/tr\/wp-json\/wp\/v2\/media?parent=3707"}],"curies":[{"name":"wp","href":"https:\/\/api.w.org\/{rel}","templated":true}]}}