{"id":965,"date":"2022-04-28T13:48:36","date_gmt":"2022-04-28T13:48:36","guid":{"rendered":"https:\/\/demo.creativethemes.com\/blocksy\/gadgets\/?page_id=9"},"modified":"2024-11-08T11:34:09","modified_gmt":"2024-11-08T11:34:09","slug":"my-account","status":"publish","type":"page","link":"https:\/\/refahcocuk.org\/tr\/my-account\/","title":{"rendered":"My account"},"content":{"rendered":"<div data-elementor-type=\"wp-page\" data-elementor-id=\"965\" class=\"elementor elementor-965\" data-elementor-post-type=\"page\">\n\t\t\t\t<div class=\"elementor-element elementor-element-dd902ac e-flex e-con-boxed e-con e-parent\" data-id=\"dd902ac\" data-element_type=\"container\" data-e-type=\"container\" data-settings=\"{&quot;background_background&quot;:&quot;classic&quot;,&quot;ekit_has_onepagescroll_dot&quot;:&quot;yes&quot;}\">\n\t\t\t\t\t<div class=\"e-con-inner\">\n\t\t<div class=\"elementor-element elementor-element-fc46ae9 e-flex e-con-boxed e-con e-child\" data-id=\"fc46ae9\" data-element_type=\"container\" data-e-type=\"container\" data-settings=\"{&quot;ekit_has_onepagescroll_dot&quot;:&quot;yes&quot;}\">\n\t\t\t\t\t<div class=\"e-con-inner\">\n\t\t\t\t<div class=\"elementor-element elementor-element-b6d51d2 elementor-widget elementor-widget-heading\" data-id=\"b6d51d2\" data-element_type=\"widget\" data-e-type=\"widget\" data-settings=\"{&quot;ekit_we_effect_on&quot;:&quot;none&quot;}\" data-widget_type=\"heading.default\">\n\t\t\t\t<div class=\"elementor-widget-container\">\n\t\t\t\t\t<h1 class=\"elementor-heading-title elementor-size-default\">My Account<\/h1>\t\t\t\t<\/div>\n\t\t\t\t<\/div>\n\t\t\t\t\t<\/div>\n\t\t\t\t<\/div>\n\t\t\t\t\t<\/div>\n\t\t\t\t<\/div>\n\t\t<div class=\"elementor-element elementor-element-4bea1bd5 e-flex e-con-boxed e-con e-parent\" data-id=\"4bea1bd5\" data-element_type=\"container\" data-e-type=\"container\" data-settings=\"{&quot;ekit_has_onepagescroll_dot&quot;:&quot;yes&quot;}\">\n\t\t\t\t\t<div class=\"e-con-inner\">\n\t\t<div class=\"elementor-element elementor-element-625f1fa e-flex e-con-boxed e-con e-child\" data-id=\"625f1fa\" data-element_type=\"container\" data-e-type=\"container\" data-settings=\"{&quot;ekit_has_onepagescroll_dot&quot;:&quot;yes&quot;}\">\n\t\t\t\t\t<div class=\"e-con-inner\">\n\t\t\t\t<div class=\"elementor-element elementor-element-b794b66 e-my-account-tabs-vertical elementor-widget elementor-widget-woocommerce-my-account\" data-id=\"b794b66\" data-element_type=\"widget\" data-e-type=\"widget\" data-settings=\"{&quot;ekit_we_effect_on&quot;:&quot;none&quot;}\" data-widget_type=\"woocommerce-my-account.default\">\n\t\t\t\t<div class=\"elementor-widget-container\">\n\t\t\t\t\t<div class=\"e-my-account-tab e-my-account-tab__\">\t\t\t<div class=\"woocommerce\"><\/div>\t\t<\/div>\n\t\t\t\t\t\t<\/div>\n\t\t\t\t<\/div>\n\t\t\t\t\t<\/div>\n\t\t\t\t<\/div>\n\t\t\t\t\t<\/div>\n\t\t\t\t<\/div>\n\t\t\t\t<\/div>","protected":false},"excerpt":{"rendered":"<p>My Account Dashboard Orders Sponsored Orphans Payment methods Account Details Logout Hello Samah Basheer (not Samah Basheer? Log out) From your account dashboard you can view your recent orders, manage your shipping and billing addresses, and edit your password and account details.<\/p>","protected":false},"author":3,"featured_media":0,"parent":0,"menu_order":0,"comment_status":"closed","ping_status":"closed","template":"elementor_header_footer","meta":{"_acf_changed":false,"footnotes":""},"class_list":["post-965","page","type-page","status-publish","hentry"],"blocksy_meta":[],"acf":[],"yoast_head":"\n<title>My account - Refah \u00c7ocuk Dernegi<\/title>\n<meta name=\"robots\" content=\"index, follow, max-snippet:-1, max-image-preview:large, max-video-preview:-1\" \/>\n<link rel=\"canonical\" href=\"https:\/\/refahcocuk.org\/tr\/my-account\/\" \/>\n<meta property=\"og:locale\" content=\"tr_TR\" \/>\n<meta property=\"og:type\" content=\"article\" \/>\n<meta property=\"og:title\" content=\"My account\" \/>\n<meta property=\"og:description\" content=\"My Account Dashboard Orders Sponsored Orphans Payment methods Account Details Logout Hello Samah Basheer (not Samah Basheer? Log out) From your account dashboard you can view your recent orders, manage your shipping and billing addresses, and edit your password and account details.\" \/>\n<meta property=\"og:url\" content=\"https:\/\/refahcocuk.org\/tr\/my-account\/\" \/>\n<meta property=\"og:site_name\" content=\"Refah \u00c7ocuk Dernegi\" \/>\n<meta property=\"article:publisher\" content=\"https:\/\/www.facebook.com\/profile.php?id=100090251257453&amp;mibextid=LQQJ4d\" \/>\n<meta property=\"article:modified_time\" content=\"2024-11-08T11:34:09+00:00\" \/>\n<meta property=\"og:image\" content=\"https:\/\/refahcocuk.org\/oodoweew\/2023\/05\/DSC02130-scaled.jpg\" \/>\n\t<meta property=\"og:image:width\" content=\"2560\" \/>\n\t<meta property=\"og:image:height\" content=\"1441\" \/>\n\t<meta property=\"og:image:type\" content=\"image\/jpeg\" \/>\n<meta name=\"twitter:card\" content=\"summary_large_image\" \/>\n<meta name=\"twitter:label1\" content=\"Tahmini okuma s\u00fcresi\" \/>\n\t<meta name=\"twitter:data1\" content=\"1 dakika\" \/>\n<script type=\"application\/ld+json\" class=\"yoast-schema-graph\">{\"@context\":\"https:\\\/\\\/schema.org\",\"@graph\":[{\"@type\":\"WebPage\",\"@id\":\"https:\\\/\\\/refahcocuk.org\\\/my-account\\\/\",\"url\":\"https:\\\/\\\/refahcocuk.org\\\/my-account\\\/\",\"name\":\"My account - Refah \u00c7ocuk Dernegi\",\"isPartOf\":{\"@id\":\"https:\\\/\\\/refahcocuk.org\\\/#website\"},\"datePublished\":\"2022-04-28T13:48:36+00:00\",\"dateModified\":\"2024-11-08T11:34:09+00:00\",\"breadcrumb\":{\"@id\":\"https:\\\/\\\/refahcocuk.org\\\/my-account\\\/#breadcrumb\"},\"inLanguage\":\"tr\",\"potentialAction\":[{\"@type\":\"ReadAction\",\"target\":[\"https:\\\/\\\/refahcocuk.org\\\/my-account\\\/\"]}]},{\"@type\":\"BreadcrumbList\",\"@id\":\"https:\\\/\\\/refahcocuk.org\\\/my-account\\\/#breadcrumb\",\"itemListElement\":[{\"@type\":\"ListItem\",\"position\":1,\"name\":\"Home\",\"item\":\"https:\\\/\\\/refahcocuk.org\\\/\"},{\"@type\":\"ListItem\",\"position\":2,\"name\":\"My account\"}]},{\"@type\":\"WebSite\",\"@id\":\"https:\\\/\\\/refahcocuk.org\\\/#website\",\"url\":\"https:\\\/\\\/refahcocuk.org\\\/\",\"name\":\"Refahcocuk.org\",\"description\":\"Refah for Child Welfare\",\"publisher\":{\"@id\":\"https:\\\/\\\/refahcocuk.org\\\/#organization\"},\"alternateName\":\"Refah\",\"potentialAction\":[{\"@type\":\"SearchAction\",\"target\":{\"@type\":\"EntryPoint\",\"urlTemplate\":\"https:\\\/\\\/refahcocuk.org\\\/?s={search_term_string}\"},\"query-input\":{\"@type\":\"PropertyValueSpecification\",\"valueRequired\":true,\"valueName\":\"search_term_string\"}}],\"inLanguage\":\"tr\"},{\"@type\":\"Organization\",\"@id\":\"https:\\\/\\\/refahcocuk.org\\\/#organization\",\"name\":\"Refah \u00e7ocuk dernegi\",\"alternateName\":\"Refah for children welfare\",\"url\":\"https:\\\/\\\/refahcocuk.org\\\/\",\"logo\":{\"@type\":\"ImageObject\",\"inLanguage\":\"tr\",\"@id\":\"https:\\\/\\\/refahcocuk.org\\\/#\\\/schema\\\/logo\\\/image\\\/\",\"url\":\"https:\\\/\\\/refahcocuk.org\\\/wp-content\\\/uploads\\\/2023\\\/06\\\/Logo-1.png\",\"contentUrl\":\"https:\\\/\\\/refahcocuk.org\\\/wp-content\\\/uploads\\\/2023\\\/06\\\/Logo-1.png\",\"width\":926,\"height\":178,\"caption\":\"Refah \u00e7ocuk dernegi\"},\"image\":{\"@id\":\"https:\\\/\\\/refahcocuk.org\\\/#\\\/schema\\\/logo\\\/image\\\/\"},\"sameAs\":[\"https:\\\/\\\/www.facebook.com\\\/profile.php?id=100090251257453&mibextid=LQQJ4d\",\"https:\\\/\\\/instagram.com\\\/refahcocukdernegi\"],\"description\":\"Non-profit humanitarian association seeking through programs. Innovative specialization in child care, protection and alleviation his suffering and empower him with all his rights that have been approved International laws and conventions through specialized programs innovative. It was established in the year 2020 by a group of workers in the charitable humanitarian field, according to the reference number34-259\\\/166 issued by the Republic of Turkey.\",\"email\":\"info@refahcocuk.org\",\"telephone\":\"00905528480444\",\"legalName\":\"Refah \u00e7ocuk dernegi\",\"foundingDate\":\"2020-02-19\",\"numberOfEmployees\":{\"@type\":\"QuantitativeValue\",\"minValue\":\"11\",\"maxValue\":\"50\"}}]}<\/script>\n","yoast_head_json":{"title":"My account - Refah \u00c7ocuk Dernegi","robots":{"index":"index","follow":"follow","max-snippet":"max-snippet:-1","max-image-preview":"max-image-preview:large","max-video-preview":"max-video-preview:-1"},"canonical":"https:\/\/refahcocuk.org\/tr\/my-account\/","og_locale":"tr_TR","og_type":"article","og_title":"My account","og_description":"My Account Dashboard Orders Sponsored Orphans Payment methods Account Details Logout Hello Samah Basheer (not Samah Basheer? Log out) From your account dashboard you can view your recent orders, manage your shipping and billing addresses, and edit your password and account details.","og_url":"https:\/\/refahcocuk.org\/tr\/my-account\/","og_site_name":"Refah \u00c7ocuk Dernegi","article_publisher":"https:\/\/www.facebook.com\/profile.php?id=100090251257453&mibextid=LQQJ4d","article_modified_time":"2024-11-08T11:34:09+00:00","og_image":[{"width":2560,"height":1441,"url":"https:\/\/refahcocuk.org\/oodoweew\/2023\/05\/DSC02130-scaled.jpg","type":"image\/jpeg"}],"twitter_card":"summary_large_image","twitter_misc":{"Tahmini okuma s\u00fcresi":"1 dakika"},"schema":{"@context":"https:\/\/schema.org","@graph":[{"@type":"WebPage","@id":"https:\/\/refahcocuk.org\/my-account\/","url":"https:\/\/refahcocuk.org\/my-account\/","name":"My account - Refah \u00c7ocuk Dernegi","isPartOf":{"@id":"https:\/\/refahcocuk.org\/#website"},"datePublished":"2022-04-28T13:48:36+00:00","dateModified":"2024-11-08T11:34:09+00:00","breadcrumb":{"@id":"https:\/\/refahcocuk.org\/my-account\/#breadcrumb"},"inLanguage":"tr","potentialAction":[{"@type":"ReadAction","target":["https:\/\/refahcocuk.org\/my-account\/"]}]},{"@type":"BreadcrumbList","@id":"https:\/\/refahcocuk.org\/my-account\/#breadcrumb","itemListElement":[{"@type":"ListItem","position":1,"name":"Home","item":"https:\/\/refahcocuk.org\/"},{"@type":"ListItem","position":2,"name":"My account"}]},{"@type":"WebSite","@id":"https:\/\/refahcocuk.org\/#website","url":"https:\/\/refahcocuk.org\/","name":"Refahcocuk.org","description":"Refah for Child Welfare","publisher":{"@id":"https:\/\/refahcocuk.org\/#organization"},"alternateName":"Refah","potentialAction":[{"@type":"SearchAction","target":{"@type":"EntryPoint","urlTemplate":"https:\/\/refahcocuk.org\/?s={search_term_string}"},"query-input":{"@type":"PropertyValueSpecification","valueRequired":true,"valueName":"search_term_string"}}],"inLanguage":"tr"},{"@type":"Organization","@id":"https:\/\/refahcocuk.org\/#organization","name":"Refah \u00e7ocuk dernegi","alternateName":"Refah for children welfare","url":"https:\/\/refahcocuk.org\/","logo":{"@type":"ImageObject","inLanguage":"tr","@id":"https:\/\/refahcocuk.org\/#\/schema\/logo\/image\/","url":"https:\/\/refahcocuk.org\/oodoweew\/2023\/06\/Logo-1.png","contentUrl":"https:\/\/refahcocuk.org\/oodoweew\/2023\/06\/Logo-1.png","width":926,"height":178,"caption":"Refah \u00e7ocuk dernegi"},"image":{"@id":"https:\/\/refahcocuk.org\/#\/schema\/logo\/image\/"},"sameAs":["https:\/\/www.facebook.com\/profile.php?id=100090251257453&mibextid=LQQJ4d","https:\/\/instagram.com\/refahcocukdernegi"],"description":"K\u00e2r amac\u0131 g\u00fctmeyen bir insani yard\u0131m derne\u011fi, programlar\u0131 arac\u0131l\u0131\u011f\u0131yla \u00e7ocuk bak\u0131m\u0131nda, korumada ve ac\u0131lar\u0131n\u0131 hafifletmede yenilik\u00e7i uzmanl\u0131k aray\u0131\u015f\u0131ndad\u0131r. Uluslararas\u0131 yasalara ve s\u00f6zle\u015fmelere dayanan t\u00fcm haklar\u0131yla donat\u0131lm\u0131\u015f bir \u015fekilde \u00e7ocuklar\u0131 g\u00fc\u00e7lendirmeyi ama\u00e7lamaktad\u0131r. T\u00fcrkiye Cumhuriyeti taraf\u0131ndan verilen 34-259\/166 referans numaras\u0131na g\u00f6re 2020 y\u0131l\u0131nda bir grup hay\u0131rsever insanl\u0131k alan\u0131nda \u00e7al\u0131\u015fan taraf\u0131ndan kurulmu\u015ftur.","email":"info@refahcocuk.org","telephone":"00905528480444","legalName":"Refah \u00e7ocuk dernegi","foundingDate":"2020-02-19","numberOfEmployees":{"@type":"QuantitativeValue","minValue":"11","maxValue":"50"}}]}},"wpcf_dashboard":"<div class=\"woocommerce\"><div class=\"woocommerce-info\">Please log in first? <a class=\"wpneoShowLogin\" href=\"#\">Click here to login<\/a><\/div><div class=\"wpneo_login_form_div\" style=\"display: none;\"><form name=\"loginform\" id=\"loginform\" action=\"https:\/\/refahcocuk.org\/securelogin.php\" method=\"post\"><p class=\"login-username\">\n\t\t\t\t<label for=\"user_login\">Kullan\u0131c\u0131 ad\u0131 ya da e-posta adresi<\/label>\n\t\t\t\t<input type=\"text\" name=\"log\" id=\"user_login\" autocomplete=\"username\" class=\"input\" value=\"\" size=\"20\" \/>\n\t\t\t<\/p><p class=\"login-password\">\n\t\t\t\t<label for=\"user_pass\">Parola<\/label>\n\t\t\t\t<input type=\"password\" name=\"pwd\" id=\"user_pass\" autocomplete=\"current-password\" spellcheck=\"false\" class=\"input\" value=\"\" size=\"20\" \/>\n\t\t\t<\/p><p class=\"login-remember\"><label><input name=\"rememberme\" type=\"checkbox\" id=\"rememberme\" value=\"forever\" \/> Beni hat\u0131rla<\/label><\/p><p class=\"login-submit\">\n\t\t\t\t<input type=\"submit\" name=\"wp-submit\" id=\"wp-submit\" class=\"button button-primary\" value=\"Oturum a\u00e7\" \/>\n\t\t\t\t<input type=\"hidden\" name=\"redirect_to\" value=\"https:\/\/refahcocuk.org\/tr\/wp-json\/wp\/v2\/pages\/965\" \/>\n\t\t\t<\/p><\/form><\/div><\/div>","_links":{"self":[{"href":"https:\/\/refahcocuk.org\/tr\/wp-json\/wp\/v2\/pages\/965","targetHints":{"allow":["GET"]}}],"collection":[{"href":"https:\/\/refahcocuk.org\/tr\/wp-json\/wp\/v2\/pages"}],"about":[{"href":"https:\/\/refahcocuk.org\/tr\/wp-json\/wp\/v2\/types\/page"}],"author":[{"embeddable":true,"href":"https:\/\/refahcocuk.org\/tr\/wp-json\/wp\/v2\/users\/3"}],"replies":[{"embeddable":true,"href":"https:\/\/refahcocuk.org\/tr\/wp-json\/wp\/v2\/comments?post=965"}],"version-history":[{"count":24,"href":"https:\/\/refahcocuk.org\/tr\/wp-json\/wp\/v2\/pages\/965\/revisions"}],"predecessor-version":[{"id":7281,"href":"https:\/\/refahcocuk.org\/tr\/wp-json\/wp\/v2\/pages\/965\/revisions\/7281"}],"wp:attachment":[{"href":"https:\/\/refahcocuk.org\/tr\/wp-json\/wp\/v2\/media?parent=965"}],"curies":[{"name":"wp","href":"https:\/\/api.w.org\/{rel}","templated":true}]}}